{"id":92,"date":"2025-11-04T17:09:47","date_gmt":"2025-11-04T17:09:47","guid":{"rendered":"https:\/\/laig.ufpr.br\/?page_id=92"},"modified":"2025-11-07T19:52:51","modified_gmt":"2025-11-07T19:52:51","slug":"servicos-prestados","status":"publish","type":"page","link":"https:\/\/laig.ufpr.br\/?page_id=92","title":{"rendered":"Servi\u00e7os Prestados"},"content":{"rendered":"\n<div class=\"servicos-laig\" style=\"text-align: justify;\">\n  <p>\n    O Laborat\u00f3rio de Instrumenta\u00e7\u00e3o Geod\u00e9sica (LAIG) desenvolve e promove a presta\u00e7\u00e3o de servi\u00e7os especializados, \n    integrando o ensino e a pesquisa na \u00e1rea da Engenharia Cartogr\u00e1fica e de Agrimensura \u00e0s demandas da sociedade.\n  <\/p>\n\n  <h2><strong>An\u00e1lises T\u00e9cnicas<\/strong><\/h2>\n  <p>\n    O laborat\u00f3rio realiza <strong>verifica\u00e7\u00f5es, calibra\u00e7\u00f5es e retifica\u00e7\u00f5es de instrumentos utilizados em levantamentos geod\u00e9sicos e topogr\u00e1ficos<\/strong>, \n    assegurando a qualidade e a confiabilidade das medi\u00e7\u00f5es. Entre os servi\u00e7os oferecidos est\u00e3o:\n  <\/p>\n  <ul>\n    <li>Calibra\u00e7\u00e3o de miras graduadas de \u00ednvar utilizadas em nivelamento geom\u00e9trico;<\/li>\n    <li>Calibra\u00e7\u00e3o de conjuntos n\u00edvel\/miras geod\u00e9sicos (n\u00edveis digitais e miras em c\u00f3digo de barras);<\/li>\n    <li>Verifica\u00e7\u00e3o e classifica\u00e7\u00e3o da componente angular e linear de esta\u00e7\u00f5es totais.<\/li>\n  <\/ul>\n\n  <h2><strong>Consultorias Especializadas<\/strong><\/h2>\n  <p>\n    O LAIG oferece consultorias t\u00e9cnicas nas diversas \u00e1reas de conhecimento da Engenharia Cartogr\u00e1fica e de Agrimensura, \n    com destaque para o <strong>Monitoramento Geod\u00e9sico de Estruturas<\/strong>, que envolve medi\u00e7\u00f5es de dire\u00e7\u00f5es, \u00e2ngulos e dist\u00e2ncias \n    conforme normas nacionais e internacionais, visando \u00e0 an\u00e1lise da estabilidade geom\u00e9trica de obras e estruturas.\n  <\/p>\n\n  <h2><strong>Projetos T\u00e9cnicos<\/strong><\/h2>\n  <p>\n    Desenvolvimento de projetos e solu\u00e7\u00f5es personalizadas nas \u00e1reas de Geod\u00e9sia, Topografia e Instrumenta\u00e7\u00e3o, \n    incluindo softwares e m\u00e9todos aplicados ao monitoramento de estruturas.\n  <\/p>\n\n  <h2><strong>Cursos de Capacita\u00e7\u00e3o<\/strong><\/h2>\n  <p>\n    O LAIG oferece cursos de curta e longa dura\u00e7\u00e3o, presenciais ou in company, voltados \u00e0 atualiza\u00e7\u00e3o e ao aprimoramento profissional nas seguintes \u00e1reas:\n  <\/p>\n  <ul>\n    <li>Georreferenciamento de Im\u00f3veis Rurais;<\/li>\n    <li>Loca\u00e7\u00e3o Topogr\u00e1fica com Esta\u00e7\u00e3o Total;<\/li>\n    <li>Automa\u00e7\u00e3o Topogr\u00e1fica e Processamento de Dados;<\/li>\n    <li>Levantamentos Gravim\u00e9tricos;<\/li>\n    <li>Monitoramento Geod\u00e9sico de Estruturas.<\/li>\n  <\/ul>\n<\/div>\n","protected":false},"excerpt":{"rendered":"<p>O Laborat\u00f3rio de Instrumenta\u00e7\u00e3o Geod\u00e9sica (LAIG) desenvolve e promove a presta\u00e7\u00e3o de servi\u00e7os especializados, integrando o ensino e a pesquisa na \u00e1rea da Engenharia Cartogr\u00e1fica e de Agrimensura \u00e0s demandas da sociedade. An\u00e1lises T\u00e9cnicas O laborat\u00f3rio realiza verifica\u00e7\u00f5es, calibra\u00e7\u00f5es e &hellip; <a href=\"https:\/\/laig.ufpr.br\/?page_id=92\">Continue lendo <span class=\"meta-nav\">&rarr;<\/span><\/a><\/p>\n","protected":false},"author":3,"featured_media":0,"parent":0,"menu_order":0,"comment_status":"closed","ping_status":"closed","template":"","meta":{"footnotes":""},"class_list":["post-92","page","type-page","status-publish","hentry"],"yoast_head":"<!-- This site is optimized with the Yoast SEO plugin v26.9 - https:\/\/yoast.com\/product\/yoast-seo-wordpress\/ -->\n<title>Servi\u00e7os Prestados - Laig<\/title>\n<meta name=\"robots\" content=\"index, follow, max-snippet:-1, max-image-preview:large, max-video-preview:-1\" \/>\n<link rel=\"canonical\" href=\"https:\/\/laig.ufpr.br\/?page_id=92\" \/>\n<meta property=\"og:locale\" content=\"pt_BR\" \/>\n<meta property=\"og:type\" content=\"article\" \/>\n<meta property=\"og:title\" content=\"Servi\u00e7os Prestados - Laig\" \/>\n<meta property=\"og:description\" content=\"O Laborat\u00f3rio de Instrumenta\u00e7\u00e3o Geod\u00e9sica (LAIG) desenvolve e promove a presta\u00e7\u00e3o de servi\u00e7os especializados, integrando o ensino e a pesquisa na \u00e1rea da Engenharia Cartogr\u00e1fica e de Agrimensura \u00e0s demandas da sociedade. An\u00e1lises T\u00e9cnicas O laborat\u00f3rio realiza verifica\u00e7\u00f5es, calibra\u00e7\u00f5es e &hellip; Continue lendo &rarr;\" \/>\n<meta property=\"og:url\" content=\"https:\/\/laig.ufpr.br\/?page_id=92\" \/>\n<meta property=\"og:site_name\" content=\"Laig\" \/>\n<meta property=\"article:modified_time\" content=\"2025-11-07T19:52:51+00:00\" \/>\n<meta name=\"twitter:card\" content=\"summary_large_image\" \/>\n<meta name=\"twitter:label1\" content=\"Est. tempo de leitura\" \/>\n\t<meta name=\"twitter:data1\" content=\"2 minutos\" \/>\n<script type=\"application\/ld+json\" class=\"yoast-schema-graph\">{\"@context\":\"https:\/\/schema.org\",\"@graph\":[{\"@type\":\"WebPage\",\"@id\":\"https:\/\/laig.ufpr.br\/?page_id=92\",\"url\":\"https:\/\/laig.ufpr.br\/?page_id=92\",\"name\":\"Servi\u00e7os Prestados - Laig\",\"isPartOf\":{\"@id\":\"https:\/\/laig.ufpr.br\/#website\"},\"datePublished\":\"2025-11-04T17:09:47+00:00\",\"dateModified\":\"2025-11-07T19:52:51+00:00\",\"breadcrumb\":{\"@id\":\"https:\/\/laig.ufpr.br\/?page_id=92#breadcrumb\"},\"inLanguage\":\"pt-BR\",\"potentialAction\":[{\"@type\":\"ReadAction\",\"target\":[\"https:\/\/laig.ufpr.br\/?page_id=92\"]}]},{\"@type\":\"BreadcrumbList\",\"@id\":\"https:\/\/laig.ufpr.br\/?page_id=92#breadcrumb\",\"itemListElement\":[{\"@type\":\"ListItem\",\"position\":1,\"name\":\"In\u00edcio\",\"item\":\"https:\/\/laig.ufpr.br\/\"},{\"@type\":\"ListItem\",\"position\":2,\"name\":\"Servi\u00e7os Prestados\"}]},{\"@type\":\"WebSite\",\"@id\":\"https:\/\/laig.ufpr.br\/#website\",\"url\":\"https:\/\/laig.ufpr.br\/\",\"name\":\"Laig\",\"description\":\"Laborat\u00f3rio de Instrumenta\u00e7\u00e3o Geod\u00e9sica\",\"potentialAction\":[{\"@type\":\"SearchAction\",\"target\":{\"@type\":\"EntryPoint\",\"urlTemplate\":\"https:\/\/laig.ufpr.br\/?s={search_term_string}\"},\"query-input\":{\"@type\":\"PropertyValueSpecification\",\"valueRequired\":true,\"valueName\":\"search_term_string\"}}],\"inLanguage\":\"pt-BR\"}]}<\/script>\n<!-- \/ Yoast SEO plugin. -->","yoast_head_json":{"title":"Servi\u00e7os Prestados - Laig","robots":{"index":"index","follow":"follow","max-snippet":"max-snippet:-1","max-image-preview":"max-image-preview:large","max-video-preview":"max-video-preview:-1"},"canonical":"https:\/\/laig.ufpr.br\/?page_id=92","og_locale":"pt_BR","og_type":"article","og_title":"Servi\u00e7os Prestados - Laig","og_description":"O Laborat\u00f3rio de Instrumenta\u00e7\u00e3o Geod\u00e9sica (LAIG) desenvolve e promove a presta\u00e7\u00e3o de servi\u00e7os especializados, integrando o ensino e a pesquisa na \u00e1rea da Engenharia Cartogr\u00e1fica e de Agrimensura \u00e0s demandas da sociedade. An\u00e1lises T\u00e9cnicas O laborat\u00f3rio realiza verifica\u00e7\u00f5es, calibra\u00e7\u00f5es e &hellip; Continue lendo &rarr;","og_url":"https:\/\/laig.ufpr.br\/?page_id=92","og_site_name":"Laig","article_modified_time":"2025-11-07T19:52:51+00:00","twitter_card":"summary_large_image","twitter_misc":{"Est. tempo de leitura":"2 minutos"},"schema":{"@context":"https:\/\/schema.org","@graph":[{"@type":"WebPage","@id":"https:\/\/laig.ufpr.br\/?page_id=92","url":"https:\/\/laig.ufpr.br\/?page_id=92","name":"Servi\u00e7os Prestados - Laig","isPartOf":{"@id":"https:\/\/laig.ufpr.br\/#website"},"datePublished":"2025-11-04T17:09:47+00:00","dateModified":"2025-11-07T19:52:51+00:00","breadcrumb":{"@id":"https:\/\/laig.ufpr.br\/?page_id=92#breadcrumb"},"inLanguage":"pt-BR","potentialAction":[{"@type":"ReadAction","target":["https:\/\/laig.ufpr.br\/?page_id=92"]}]},{"@type":"BreadcrumbList","@id":"https:\/\/laig.ufpr.br\/?page_id=92#breadcrumb","itemListElement":[{"@type":"ListItem","position":1,"name":"In\u00edcio","item":"https:\/\/laig.ufpr.br\/"},{"@type":"ListItem","position":2,"name":"Servi\u00e7os Prestados"}]},{"@type":"WebSite","@id":"https:\/\/laig.ufpr.br\/#website","url":"https:\/\/laig.ufpr.br\/","name":"Laig","description":"Laborat\u00f3rio de Instrumenta\u00e7\u00e3o Geod\u00e9sica","potentialAction":[{"@type":"SearchAction","target":{"@type":"EntryPoint","urlTemplate":"https:\/\/laig.ufpr.br\/?s={search_term_string}"},"query-input":{"@type":"PropertyValueSpecification","valueRequired":true,"valueName":"search_term_string"}}],"inLanguage":"pt-BR"}]}},"_links":{"self":[{"href":"https:\/\/laig.ufpr.br\/index.php?rest_route=\/wp\/v2\/pages\/92","targetHints":{"allow":["GET"]}}],"collection":[{"href":"https:\/\/laig.ufpr.br\/index.php?rest_route=\/wp\/v2\/pages"}],"about":[{"href":"https:\/\/laig.ufpr.br\/index.php?rest_route=\/wp\/v2\/types\/page"}],"author":[{"embeddable":true,"href":"https:\/\/laig.ufpr.br\/index.php?rest_route=\/wp\/v2\/users\/3"}],"replies":[{"embeddable":true,"href":"https:\/\/laig.ufpr.br\/index.php?rest_route=%2Fwp%2Fv2%2Fcomments&post=92"}],"version-history":[{"count":7,"href":"https:\/\/laig.ufpr.br\/index.php?rest_route=\/wp\/v2\/pages\/92\/revisions"}],"predecessor-version":[{"id":153,"href":"https:\/\/laig.ufpr.br\/index.php?rest_route=\/wp\/v2\/pages\/92\/revisions\/153"}],"wp:attachment":[{"href":"https:\/\/laig.ufpr.br\/index.php?rest_route=%2Fwp%2Fv2%2Fmedia&parent=92"}],"curies":[{"name":"wp","href":"https:\/\/api.w.org\/{rel}","templated":true}]}}