{"id":76,"date":"2025-10-24T19:20:41","date_gmt":"2025-10-24T19:20:41","guid":{"rendered":"https:\/\/laig.ufpr.br\/?page_id=76"},"modified":"2025-11-10T17:15:01","modified_gmt":"2025-11-10T17:15:01","slug":"laboratorio-de-instrumentacao-geodesica-laig","status":"publish","type":"page","link":"https:\/\/laig.ufpr.br\/","title":{"rendered":"Laborat\u00f3rio de Instrumenta\u00e7\u00e3o Geod\u00e9sica (LAIG)"},"content":{"rendered":"<div style=\"text-align: justify;\">\n<p>O Laborat\u00f3rio de Instrumenta\u00e7\u00e3o Geod\u00e9sica, vinculado ao Departamento de Geom\u00e1tica da Universidade Federal do Paran\u00e1 (UFPR), criado na d\u00e9cada de 80 com proposito de apoiar o ensino, a pesquisa e a presta\u00e7\u00e3o de servi\u00e7os t\u00e9cnicos especializados nas \u00e1reas de instrumenta\u00e7\u00e3o geod\u00e9sica e topografia.<\/p>\n<p>O LAIG atua na classifica\u00e7\u00e3o e calibra\u00e7\u00e3o de instrumentos geod\u00e9sicos, assegurando a confiabilidade das medi\u00e7\u00f5es realizadas com equipamentos utilizados em levantamentos topogr\u00e1ficos, geod\u00e9sicos e de monitoramento. Entre os instrumentos atendidos destacam-se n\u00edveis autom\u00e1ticos e digitais, esta\u00e7\u00f5es totais, teodolitos e distanci\u00f4metros eletr\u00f4nicos.<\/p>\n<p>Al\u00e9m dos servi\u00e7os de calibra\u00e7\u00e3o e certifica\u00e7\u00e3o, o laborat\u00f3rio tamb\u00e9m desenvolve pesquisas aplicadas a geodesia, a an\u00e1lise da precis\u00e3o instrumental e ao aprimoramento de t\u00e9cnicas de observa\u00e7\u00e3o e processamento de dados.<\/p>\n<p>Com equipe t\u00e9cnica altamente qualificada e infraestrutura dedicada ao avan\u00e7o cientifico, o LAIG oferece servi\u00e7os em conformidade com padr\u00f5es nacionais e internacionais de calibra\u00e7\u00e3o.<\/p>\n<\/div>\n","protected":false},"excerpt":{"rendered":"<p>O Laborat\u00f3rio de Instrumenta\u00e7\u00e3o Geod\u00e9sica, vinculado ao Departamento de Geom\u00e1tica da Universidade Federal do Paran\u00e1 (UFPR), criado na d\u00e9cada de 80 com proposito de apoiar o ensino, a pesquisa e a presta\u00e7\u00e3o de servi\u00e7os t\u00e9cnicos especializados nas \u00e1reas de instrumenta\u00e7\u00e3o &hellip; <a href=\"https:\/\/laig.ufpr.br\/\">Continue lendo <span class=\"meta-nav\">&rarr;<\/span><\/a><\/p>\n","protected":false},"author":3,"featured_media":0,"parent":0,"menu_order":0,"comment_status":"closed","ping_status":"closed","template":"","meta":{"footnotes":""},"class_list":["post-76","page","type-page","status-publish","hentry"],"yoast_head":"<!-- This site is optimized with the Yoast SEO plugin v26.9 - https:\/\/yoast.com\/product\/yoast-seo-wordpress\/ -->\n<title>Laborat\u00f3rio de Instrumenta\u00e7\u00e3o Geod\u00e9sica (LAIG) - Laig<\/title>\n<meta name=\"robots\" content=\"index, follow, max-snippet:-1, max-image-preview:large, max-video-preview:-1\" \/>\n<link rel=\"canonical\" href=\"https:\/\/laig.ufpr.br\/\" \/>\n<meta property=\"og:locale\" content=\"pt_BR\" \/>\n<meta property=\"og:type\" content=\"article\" \/>\n<meta property=\"og:title\" content=\"Laborat\u00f3rio de Instrumenta\u00e7\u00e3o Geod\u00e9sica (LAIG) - Laig\" \/>\n<meta property=\"og:description\" content=\"O Laborat\u00f3rio de Instrumenta\u00e7\u00e3o Geod\u00e9sica, vinculado ao Departamento de Geom\u00e1tica da Universidade Federal do Paran\u00e1 (UFPR), criado na d\u00e9cada de 80 com proposito de apoiar o ensino, a pesquisa e a presta\u00e7\u00e3o de servi\u00e7os t\u00e9cnicos especializados nas \u00e1reas de instrumenta\u00e7\u00e3o &hellip; Continue lendo &rarr;\" \/>\n<meta property=\"og:url\" content=\"https:\/\/laig.ufpr.br\/\" \/>\n<meta property=\"og:site_name\" content=\"Laig\" \/>\n<meta property=\"article:modified_time\" content=\"2025-11-10T17:15:01+00:00\" \/>\n<meta name=\"twitter:card\" content=\"summary_large_image\" \/>\n<meta name=\"twitter:label1\" content=\"Est. tempo de leitura\" \/>\n\t<meta name=\"twitter:data1\" content=\"1 minuto\" \/>\n<script type=\"application\/ld+json\" class=\"yoast-schema-graph\">{\"@context\":\"https:\/\/schema.org\",\"@graph\":[{\"@type\":\"WebPage\",\"@id\":\"https:\/\/laig.ufpr.br\/\",\"url\":\"https:\/\/laig.ufpr.br\/\",\"name\":\"Laborat\u00f3rio de Instrumenta\u00e7\u00e3o Geod\u00e9sica (LAIG) - Laig\",\"isPartOf\":{\"@id\":\"https:\/\/laig.ufpr.br\/#website\"},\"datePublished\":\"2025-10-24T19:20:41+00:00\",\"dateModified\":\"2025-11-10T17:15:01+00:00\",\"breadcrumb\":{\"@id\":\"https:\/\/laig.ufpr.br\/#breadcrumb\"},\"inLanguage\":\"pt-BR\",\"potentialAction\":[{\"@type\":\"ReadAction\",\"target\":[\"https:\/\/laig.ufpr.br\/\"]}]},{\"@type\":\"BreadcrumbList\",\"@id\":\"https:\/\/laig.ufpr.br\/#breadcrumb\",\"itemListElement\":[{\"@type\":\"ListItem\",\"position\":1,\"name\":\"In\u00edcio\",\"item\":\"https:\/\/laig.ufpr.br\/\"},{\"@type\":\"ListItem\",\"position\":2,\"name\":\"Laborat\u00f3rio de Instrumenta\u00e7\u00e3o Geod\u00e9sica (LAIG)\"}]},{\"@type\":\"WebSite\",\"@id\":\"https:\/\/laig.ufpr.br\/#website\",\"url\":\"https:\/\/laig.ufpr.br\/\",\"name\":\"Laig\",\"description\":\"Laborat\u00f3rio de Instrumenta\u00e7\u00e3o Geod\u00e9sica\",\"potentialAction\":[{\"@type\":\"SearchAction\",\"target\":{\"@type\":\"EntryPoint\",\"urlTemplate\":\"https:\/\/laig.ufpr.br\/?s={search_term_string}\"},\"query-input\":{\"@type\":\"PropertyValueSpecification\",\"valueRequired\":true,\"valueName\":\"search_term_string\"}}],\"inLanguage\":\"pt-BR\"}]}<\/script>\n<!-- \/ Yoast SEO plugin. -->","yoast_head_json":{"title":"Laborat\u00f3rio de Instrumenta\u00e7\u00e3o Geod\u00e9sica (LAIG) - Laig","robots":{"index":"index","follow":"follow","max-snippet":"max-snippet:-1","max-image-preview":"max-image-preview:large","max-video-preview":"max-video-preview:-1"},"canonical":"https:\/\/laig.ufpr.br\/","og_locale":"pt_BR","og_type":"article","og_title":"Laborat\u00f3rio de Instrumenta\u00e7\u00e3o Geod\u00e9sica (LAIG) - Laig","og_description":"O Laborat\u00f3rio de Instrumenta\u00e7\u00e3o Geod\u00e9sica, vinculado ao Departamento de Geom\u00e1tica da Universidade Federal do Paran\u00e1 (UFPR), criado na d\u00e9cada de 80 com proposito de apoiar o ensino, a pesquisa e a presta\u00e7\u00e3o de servi\u00e7os t\u00e9cnicos especializados nas \u00e1reas de instrumenta\u00e7\u00e3o &hellip; Continue lendo &rarr;","og_url":"https:\/\/laig.ufpr.br\/","og_site_name":"Laig","article_modified_time":"2025-11-10T17:15:01+00:00","twitter_card":"summary_large_image","twitter_misc":{"Est. tempo de leitura":"1 minuto"},"schema":{"@context":"https:\/\/schema.org","@graph":[{"@type":"WebPage","@id":"https:\/\/laig.ufpr.br\/","url":"https:\/\/laig.ufpr.br\/","name":"Laborat\u00f3rio de Instrumenta\u00e7\u00e3o Geod\u00e9sica (LAIG) - Laig","isPartOf":{"@id":"https:\/\/laig.ufpr.br\/#website"},"datePublished":"2025-10-24T19:20:41+00:00","dateModified":"2025-11-10T17:15:01+00:00","breadcrumb":{"@id":"https:\/\/laig.ufpr.br\/#breadcrumb"},"inLanguage":"pt-BR","potentialAction":[{"@type":"ReadAction","target":["https:\/\/laig.ufpr.br\/"]}]},{"@type":"BreadcrumbList","@id":"https:\/\/laig.ufpr.br\/#breadcrumb","itemListElement":[{"@type":"ListItem","position":1,"name":"In\u00edcio","item":"https:\/\/laig.ufpr.br\/"},{"@type":"ListItem","position":2,"name":"Laborat\u00f3rio de Instrumenta\u00e7\u00e3o Geod\u00e9sica (LAIG)"}]},{"@type":"WebSite","@id":"https:\/\/laig.ufpr.br\/#website","url":"https:\/\/laig.ufpr.br\/","name":"Laig","description":"Laborat\u00f3rio de Instrumenta\u00e7\u00e3o Geod\u00e9sica","potentialAction":[{"@type":"SearchAction","target":{"@type":"EntryPoint","urlTemplate":"https:\/\/laig.ufpr.br\/?s={search_term_string}"},"query-input":{"@type":"PropertyValueSpecification","valueRequired":true,"valueName":"search_term_string"}}],"inLanguage":"pt-BR"}]}},"_links":{"self":[{"href":"https:\/\/laig.ufpr.br\/index.php?rest_route=\/wp\/v2\/pages\/76","targetHints":{"allow":["GET"]}}],"collection":[{"href":"https:\/\/laig.ufpr.br\/index.php?rest_route=\/wp\/v2\/pages"}],"about":[{"href":"https:\/\/laig.ufpr.br\/index.php?rest_route=\/wp\/v2\/types\/page"}],"author":[{"embeddable":true,"href":"https:\/\/laig.ufpr.br\/index.php?rest_route=\/wp\/v2\/users\/3"}],"replies":[{"embeddable":true,"href":"https:\/\/laig.ufpr.br\/index.php?rest_route=%2Fwp%2Fv2%2Fcomments&post=76"}],"version-history":[{"count":4,"href":"https:\/\/laig.ufpr.br\/index.php?rest_route=\/wp\/v2\/pages\/76\/revisions"}],"predecessor-version":[{"id":163,"href":"https:\/\/laig.ufpr.br\/index.php?rest_route=\/wp\/v2\/pages\/76\/revisions\/163"}],"wp:attachment":[{"href":"https:\/\/laig.ufpr.br\/index.php?rest_route=%2Fwp%2Fv2%2Fmedia&parent=76"}],"curies":[{"name":"wp","href":"https:\/\/api.w.org\/{rel}","templated":true}]}}