{"id":68,"date":"2025-10-24T19:04:38","date_gmt":"2025-10-24T19:04:38","guid":{"rendered":"https:\/\/laig.ufpr.br\/?page_id=68"},"modified":"2025-11-10T17:13:54","modified_gmt":"2025-11-10T17:13:54","slug":"infraestrutura","status":"publish","type":"page","link":"https:\/\/laig.ufpr.br\/?page_id=68","title":{"rendered":"Hist\u00f3rico"},"content":{"rendered":"\n<div style=\"text-align: justify;\">\n<p>\n    O <strong>Laborat\u00f3rio de Instrumenta\u00e7\u00e3o Geod\u00e9sica (LAIG)<\/strong> teve suas origens na segunda metade da d\u00e9cada de 1980, a partir da implanta\u00e7\u00e3o de um sistema interferom\u00e9trico voltado \u00e0 calibra\u00e7\u00e3o de miras de \u00ednvar utilizadas no nivelamento geom\u00e9trico de primeira ordem. Esse sistema foi implantado por meio de um conv\u00eanio entre a Universidade e uma institui\u00e7\u00e3o alem\u00e3, que viabilizou a doa\u00e7\u00e3o dos equipamentos necess\u00e1rios para a estrutura do laborat\u00f3rio.\n  <\/p>\n\n  <p>\n    Naquele per\u00edodo, o laborat\u00f3rio era coordenado pelo <strong>Prof. \u00c1lvaro Doubeck<\/strong>, com o apoio t\u00e9cnico dos engenheiros <strong>Fischer<\/strong> e <strong>Claus<\/strong>, representantes da institui\u00e7\u00e3o parceira. A operacionaliza\u00e7\u00e3o do sistema de calibra\u00e7\u00e3o foi detalhada em uma disserta\u00e7\u00e3o de mestrado desenvolvida por <strong>Faggion (1993)<\/strong>, em colabora\u00e7\u00e3o com os profissionais citados.\n  <\/p>\n\n  <p>\n    O <strong>Prof. \u00c1lvaro Doubeck<\/strong> dedicou sua carreira \u00e0 doc\u00eancia e \u00e0 pesquisa na \u00e1rea de Instrumenta\u00e7\u00e3o Geod\u00e9sica, destacando-se pela implanta\u00e7\u00e3o de uma <strong>base linear para calibra\u00e7\u00e3o de distanci\u00f4metros eletr\u00f4nicos<\/strong>, posteriormente utilizada para a verifica\u00e7\u00e3o da componente linear das esta\u00e7\u00f5es totais. No desenvolvimento desse sistema, tamb\u00e9m contribu\u00edram os professores <strong>Grippe<\/strong> e <strong>Cordini<\/strong>, com atividades realizadas na <strong>Fazenda Canguiri<\/strong>.\n  <\/p>\n\n  <p>\n    Com a aposentadoria do Prof. Doubeck, a coordena\u00e7\u00e3o do LAIG e da \u00e1rea de Instrumenta\u00e7\u00e3o Geod\u00e9sica passou ao <strong>Prof. S\u00edlvio Rog\u00e9rio Correia de Freitas<\/strong>, que deu continuidade \u00e0s pesquisas e ampliou as linhas de investiga\u00e7\u00e3o. Em 1996, o corpo docente do Departamento de Geom\u00e1tica passou a contar com novos integrantes, como os professores <strong>Carlos Aur\u00e9lio Nadal<\/strong>, <strong>Maria Aparecida Zanetti<\/strong> e posteriormente <strong>Luis Kuenig Veiga<\/strong>, consolidando a atua\u00e7\u00e3o do grupo em ensino, pesquisa e extens\u00e3o.\n  <\/p>\n\n  <p>\n    Em 2001, foi conclu\u00edda uma tese de doutorado que integrou os procedimentos de calibra\u00e7\u00e3o da componente linear das esta\u00e7\u00f5es totais com observa\u00e7\u00f5es de campo e laborat\u00f3rio, fortalecendo a base cient\u00edfica do laborat\u00f3rio. Com o ingresso no <strong>Programa de P\u00f3s-Gradua\u00e7\u00e3o em Ci\u00eancias Geod\u00e9sicas<\/strong>, foi criado o <strong>Grupo de Pesquisa Geod\u00e9sia Aplicada<\/strong>, sob orienta\u00e7\u00e3o do Prof. S\u00edlvio R. C. de Freitas.\n  <\/p>\n\n  <p>\n    Diversas pesquisas de mestrado e doutorado foram desenvolvidas a partir desse grupo, entre elas, uma tese foi respons\u00e1vel pela implanta\u00e7\u00e3o do <strong>sistema de calibra\u00e7\u00e3o do conjunto n\u00edvel digital e mira de \u00ednvar gravada em c\u00f3digo de barras<\/strong>, tornando o LAIG o <strong>\u00fanico laborat\u00f3rio da Am\u00e9rica Latina<\/strong> a realizar esse tipo de calibra\u00e7\u00e3o.\n  <\/p>\n\n  <p>\n    Com a consolida\u00e7\u00e3o do <strong>Grupo de Pesquisa Geod\u00e9sia Aplicada \u00e0 Engenharia<\/strong>, novas linhas de pesquisa foram incorporadas, incluindo o <strong>Monitoramento Geod\u00e9sico de Estruturas<\/strong>, apoiado pela infraestrutura do LAIG.\n  <\/p>\n\n  <p>\n    Posteriormente, com a aposentadoria dos professores <strong>S\u00edlvio Freitas<\/strong>, <strong>Carlos Nadal<\/strong> e <strong>Maria Aparecida Zanetti<\/strong>, o grupo de pesquisa passou a contar com os professores <strong>Wander da Cruz<\/strong> e <strong>Andreas Jerke<\/strong>, que seguem desenvolvendo as atividades de ensino e pesquisa na \u00e1rea.\n  <\/p>\n\n  <p>\n    A vaga t\u00e9cnica anteriormente ocupada por um dos pioneiros do laborat\u00f3rio foi preenchida pela t\u00e9cnica <strong>Dayane Wiggers<\/strong>, cuja atua\u00e7\u00e3o tem sido fundamental para a manuten\u00e7\u00e3o e o desenvolvimento das atividades do LAIG.\n  <\/p>\n\n  <p>\n    Atualmente, o <strong>Laborat\u00f3rio de Instrumenta\u00e7\u00e3o Geod\u00e9sica<\/strong> \u00e9 coordenado pelo <strong>Prof. Wander da Cruz<\/strong> e continua a desempenhar papel fundamental no avan\u00e7o cient\u00edfico e tecnol\u00f3gico da \u00e1rea de <strong>Instrumenta\u00e7\u00e3o e Geod\u00e9sia Aplicada<\/strong>, contribuindo com a forma\u00e7\u00e3o de profissionais qualificados e o desenvolvimento de pesquisas de excel\u00eancia.\n  <\/p>\n<\/div>\n<\/div>\n\n","protected":false},"excerpt":{"rendered":"<p>O Laborat\u00f3rio de Instrumenta\u00e7\u00e3o Geod\u00e9sica (LAIG) teve suas origens na segunda metade da d\u00e9cada de 1980, a partir da implanta\u00e7\u00e3o de um sistema interferom\u00e9trico voltado \u00e0 calibra\u00e7\u00e3o de miras de \u00ednvar utilizadas no nivelamento geom\u00e9trico de primeira ordem. Esse sistema &hellip; <a href=\"https:\/\/laig.ufpr.br\/?page_id=68\">Continue lendo <span class=\"meta-nav\">&rarr;<\/span><\/a><\/p>\n","protected":false},"author":3,"featured_media":0,"parent":0,"menu_order":0,"comment_status":"closed","ping_status":"closed","template":"","meta":{"footnotes":""},"class_list":["post-68","page","type-page","status-publish","hentry"],"yoast_head":"<!-- This site is optimized with the Yoast SEO plugin v26.9 - https:\/\/yoast.com\/product\/yoast-seo-wordpress\/ -->\n<title>Hist\u00f3rico - Laig<\/title>\n<meta name=\"robots\" content=\"index, follow, max-snippet:-1, max-image-preview:large, max-video-preview:-1\" \/>\n<link rel=\"canonical\" href=\"https:\/\/laig.ufpr.br\/?page_id=68\" \/>\n<meta property=\"og:locale\" content=\"pt_BR\" \/>\n<meta property=\"og:type\" content=\"article\" \/>\n<meta property=\"og:title\" content=\"Hist\u00f3rico - Laig\" \/>\n<meta property=\"og:description\" content=\"O Laborat\u00f3rio de Instrumenta\u00e7\u00e3o Geod\u00e9sica (LAIG) teve suas origens na segunda metade da d\u00e9cada de 1980, a partir da implanta\u00e7\u00e3o de um sistema interferom\u00e9trico voltado \u00e0 calibra\u00e7\u00e3o de miras de \u00ednvar utilizadas no nivelamento geom\u00e9trico de primeira ordem. Esse sistema &hellip; Continue lendo &rarr;\" \/>\n<meta property=\"og:url\" content=\"https:\/\/laig.ufpr.br\/?page_id=68\" \/>\n<meta property=\"og:site_name\" content=\"Laig\" \/>\n<meta property=\"article:modified_time\" content=\"2025-11-10T17:13:54+00:00\" \/>\n<meta name=\"twitter:card\" content=\"summary_large_image\" \/>\n<meta name=\"twitter:label1\" content=\"Est. tempo de leitura\" \/>\n\t<meta name=\"twitter:data1\" content=\"3 minutos\" \/>\n<script type=\"application\/ld+json\" class=\"yoast-schema-graph\">{\"@context\":\"https:\/\/schema.org\",\"@graph\":[{\"@type\":\"WebPage\",\"@id\":\"https:\/\/laig.ufpr.br\/?page_id=68\",\"url\":\"https:\/\/laig.ufpr.br\/?page_id=68\",\"name\":\"Hist\u00f3rico - Laig\",\"isPartOf\":{\"@id\":\"https:\/\/laig.ufpr.br\/#website\"},\"datePublished\":\"2025-10-24T19:04:38+00:00\",\"dateModified\":\"2025-11-10T17:13:54+00:00\",\"breadcrumb\":{\"@id\":\"https:\/\/laig.ufpr.br\/?page_id=68#breadcrumb\"},\"inLanguage\":\"pt-BR\",\"potentialAction\":[{\"@type\":\"ReadAction\",\"target\":[\"https:\/\/laig.ufpr.br\/?page_id=68\"]}]},{\"@type\":\"BreadcrumbList\",\"@id\":\"https:\/\/laig.ufpr.br\/?page_id=68#breadcrumb\",\"itemListElement\":[{\"@type\":\"ListItem\",\"position\":1,\"name\":\"In\u00edcio\",\"item\":\"https:\/\/laig.ufpr.br\/\"},{\"@type\":\"ListItem\",\"position\":2,\"name\":\"Hist\u00f3rico\"}]},{\"@type\":\"WebSite\",\"@id\":\"https:\/\/laig.ufpr.br\/#website\",\"url\":\"https:\/\/laig.ufpr.br\/\",\"name\":\"Laig\",\"description\":\"Laborat\u00f3rio de Instrumenta\u00e7\u00e3o Geod\u00e9sica\",\"potentialAction\":[{\"@type\":\"SearchAction\",\"target\":{\"@type\":\"EntryPoint\",\"urlTemplate\":\"https:\/\/laig.ufpr.br\/?s={search_term_string}\"},\"query-input\":{\"@type\":\"PropertyValueSpecification\",\"valueRequired\":true,\"valueName\":\"search_term_string\"}}],\"inLanguage\":\"pt-BR\"}]}<\/script>\n<!-- \/ Yoast SEO plugin. -->","yoast_head_json":{"title":"Hist\u00f3rico - Laig","robots":{"index":"index","follow":"follow","max-snippet":"max-snippet:-1","max-image-preview":"max-image-preview:large","max-video-preview":"max-video-preview:-1"},"canonical":"https:\/\/laig.ufpr.br\/?page_id=68","og_locale":"pt_BR","og_type":"article","og_title":"Hist\u00f3rico - Laig","og_description":"O Laborat\u00f3rio de Instrumenta\u00e7\u00e3o Geod\u00e9sica (LAIG) teve suas origens na segunda metade da d\u00e9cada de 1980, a partir da implanta\u00e7\u00e3o de um sistema interferom\u00e9trico voltado \u00e0 calibra\u00e7\u00e3o de miras de \u00ednvar utilizadas no nivelamento geom\u00e9trico de primeira ordem. Esse sistema &hellip; Continue lendo &rarr;","og_url":"https:\/\/laig.ufpr.br\/?page_id=68","og_site_name":"Laig","article_modified_time":"2025-11-10T17:13:54+00:00","twitter_card":"summary_large_image","twitter_misc":{"Est. tempo de leitura":"3 minutos"},"schema":{"@context":"https:\/\/schema.org","@graph":[{"@type":"WebPage","@id":"https:\/\/laig.ufpr.br\/?page_id=68","url":"https:\/\/laig.ufpr.br\/?page_id=68","name":"Hist\u00f3rico - Laig","isPartOf":{"@id":"https:\/\/laig.ufpr.br\/#website"},"datePublished":"2025-10-24T19:04:38+00:00","dateModified":"2025-11-10T17:13:54+00:00","breadcrumb":{"@id":"https:\/\/laig.ufpr.br\/?page_id=68#breadcrumb"},"inLanguage":"pt-BR","potentialAction":[{"@type":"ReadAction","target":["https:\/\/laig.ufpr.br\/?page_id=68"]}]},{"@type":"BreadcrumbList","@id":"https:\/\/laig.ufpr.br\/?page_id=68#breadcrumb","itemListElement":[{"@type":"ListItem","position":1,"name":"In\u00edcio","item":"https:\/\/laig.ufpr.br\/"},{"@type":"ListItem","position":2,"name":"Hist\u00f3rico"}]},{"@type":"WebSite","@id":"https:\/\/laig.ufpr.br\/#website","url":"https:\/\/laig.ufpr.br\/","name":"Laig","description":"Laborat\u00f3rio de Instrumenta\u00e7\u00e3o Geod\u00e9sica","potentialAction":[{"@type":"SearchAction","target":{"@type":"EntryPoint","urlTemplate":"https:\/\/laig.ufpr.br\/?s={search_term_string}"},"query-input":{"@type":"PropertyValueSpecification","valueRequired":true,"valueName":"search_term_string"}}],"inLanguage":"pt-BR"}]}},"_links":{"self":[{"href":"https:\/\/laig.ufpr.br\/index.php?rest_route=\/wp\/v2\/pages\/68","targetHints":{"allow":["GET"]}}],"collection":[{"href":"https:\/\/laig.ufpr.br\/index.php?rest_route=\/wp\/v2\/pages"}],"about":[{"href":"https:\/\/laig.ufpr.br\/index.php?rest_route=\/wp\/v2\/types\/page"}],"author":[{"embeddable":true,"href":"https:\/\/laig.ufpr.br\/index.php?rest_route=\/wp\/v2\/users\/3"}],"replies":[{"embeddable":true,"href":"https:\/\/laig.ufpr.br\/index.php?rest_route=%2Fwp%2Fv2%2Fcomments&post=68"}],"version-history":[{"count":5,"href":"https:\/\/laig.ufpr.br\/index.php?rest_route=\/wp\/v2\/pages\/68\/revisions"}],"predecessor-version":[{"id":162,"href":"https:\/\/laig.ufpr.br\/index.php?rest_route=\/wp\/v2\/pages\/68\/revisions\/162"}],"wp:attachment":[{"href":"https:\/\/laig.ufpr.br\/index.php?rest_route=%2Fwp%2Fv2%2Fmedia&parent=68"}],"curies":[{"name":"wp","href":"https:\/\/api.w.org\/{rel}","templated":true}]}}